{"id":2828,"date":"2023-10-18T18:55:35","date_gmt":"2023-10-18T18:55:35","guid":{"rendered":"http:\/\/sidermaq.com.ar\/?page_id=2828"},"modified":"2023-11-01T19:14:35","modified_gmt":"2023-11-01T19:14:35","slug":"ladrillos-huecos","status":"publish","type":"page","link":"http:\/\/sidermaq.com.ar\/index.php\/ladrillos-huecos\/","title":{"rendered":"Ladrillos Huecos"},"content":{"rendered":"\t\t<div data-elementor-type=\"wp-page\" data-elementor-id=\"2828\" class=\"elementor elementor-2828\">\n\t\t\t\t\t\t\t\t\t<section class=\"elementor-section elementor-top-section elementor-element elementor-element-5b39b4a elementor-section-boxed elementor-section-height-default elementor-section-height-default\" data-id=\"5b39b4a\" data-element_type=\"section\" data-settings=\"{&quot;background_background&quot;:&quot;classic&quot;}\">\n\t\t\t\t\t\t\t<div class=\"elementor-background-overlay\"><\/div>\n\t\t\t\t\t\t\t<div class=\"elementor-container elementor-column-gap-no\">\n\t\t\t\t\t<div class=\"elementor-column elementor-col-100 elementor-top-column elementor-element elementor-element-1e1000aa\" data-id=\"1e1000aa\" data-element_type=\"column\" data-settings=\"{&quot;appside_sec_extends_is_scrollme&quot;:&quot;false&quot;,&quot;appside_sec_extends_is_smoove&quot;:&quot;false&quot;,&quot;appside_sec_extends_is_parallax_mouse&quot;:&quot;false&quot;,&quot;appside_sec_extends_is_infinite&quot;:&quot;false&quot;}\">\n\t\t\t<div class=\"elementor-widget-wrap elementor-element-populated\">\n\t\t\t\t\t\t\t\t<div class=\"elementor-element elementor-element-7b42daad elementor-widget elementor-widget-heading\" data-id=\"7b42daad\" data-element_type=\"widget\" data-settings=\"{&quot;appside_sec_extends_is_scrollme&quot;:&quot;false&quot;,&quot;appside_sec_extends_is_smoove&quot;:&quot;false&quot;,&quot;appside_sec_extends_is_parallax_mouse&quot;:&quot;false&quot;,&quot;appside_sec_extends_is_infinite&quot;:&quot;false&quot;}\" data-widget_type=\"heading.default\">\n\t\t\t\t<div class=\"elementor-widget-container\">\n\t\t\t<style>\/*! elementor - v3.13.3 - 28-05-2023 *\/\n.elementor-heading-title{padding:0;margin:0;line-height:1}.elementor-widget-heading .elementor-heading-title[class*=elementor-size-]>a{color:inherit;font-size:inherit;line-height:inherit}.elementor-widget-heading .elementor-heading-title.elementor-size-small{font-size:15px}.elementor-widget-heading .elementor-heading-title.elementor-size-medium{font-size:19px}.elementor-widget-heading .elementor-heading-title.elementor-size-large{font-size:29px}.elementor-widget-heading .elementor-heading-title.elementor-size-xl{font-size:39px}.elementor-widget-heading .elementor-heading-title.elementor-size-xxl{font-size:59px}<\/style><h1 class=\"elementor-heading-title elementor-size-default\">Ladrillos Huecos\n<\/h1>\t\t<\/div>\n\t\t\t\t<\/div>\n\t\t\t\t\t<\/div>\n\t\t<\/div>\n\t\t\t\t\t\t\t<\/div>\n\t\t<\/section>\n\t\t\t\t<section class=\"elementor-section elementor-top-section elementor-element elementor-element-731984fb elementor-section-boxed elementor-section-height-default elementor-section-height-default\" data-id=\"731984fb\" data-element_type=\"section\">\n\t\t\t\t\t\t<div class=\"elementor-container elementor-column-gap-default\">\n\t\t\t\t\t<div class=\"elementor-column elementor-col-100 elementor-top-column elementor-element elementor-element-726abeba\" data-id=\"726abeba\" data-element_type=\"column\" data-settings=\"{&quot;appside_sec_extends_is_scrollme&quot;:&quot;false&quot;,&quot;appside_sec_extends_is_smoove&quot;:&quot;false&quot;,&quot;appside_sec_extends_is_parallax_mouse&quot;:&quot;false&quot;,&quot;appside_sec_extends_is_infinite&quot;:&quot;false&quot;}\">\n\t\t\t<div class=\"elementor-widget-wrap elementor-element-populated\">\n\t\t\t\t\t\t\t\t<div class=\"elementor-element elementor-element-7ced06da elementor-widget-divider--view-line elementor-widget elementor-widget-divider\" data-id=\"7ced06da\" data-element_type=\"widget\" data-settings=\"{&quot;appside_sec_extends_is_scrollme&quot;:&quot;false&quot;,&quot;appside_sec_extends_is_smoove&quot;:&quot;false&quot;,&quot;appside_sec_extends_is_parallax_mouse&quot;:&quot;false&quot;,&quot;appside_sec_extends_is_infinite&quot;:&quot;false&quot;}\" data-widget_type=\"divider.default\">\n\t\t\t\t<div class=\"elementor-widget-container\">\n\t\t\t<style>\/*! elementor - v3.13.3 - 28-05-2023 *\/\n.elementor-widget-divider{--divider-border-style:none;--divider-border-width:1px;--divider-color:#0c0d0e;--divider-icon-size:20px;--divider-element-spacing:10px;--divider-pattern-height:24px;--divider-pattern-size:20px;--divider-pattern-url:none;--divider-pattern-repeat:repeat-x}.elementor-widget-divider .elementor-divider{display:flex}.elementor-widget-divider .elementor-divider__text{font-size:15px;line-height:1;max-width:95%}.elementor-widget-divider .elementor-divider__element{margin:0 var(--divider-element-spacing);flex-shrink:0}.elementor-widget-divider .elementor-icon{font-size:var(--divider-icon-size)}.elementor-widget-divider .elementor-divider-separator{display:flex;margin:0;direction:ltr}.elementor-widget-divider--view-line_icon .elementor-divider-separator,.elementor-widget-divider--view-line_text .elementor-divider-separator{align-items:center}.elementor-widget-divider--view-line_icon .elementor-divider-separator:after,.elementor-widget-divider--view-line_icon .elementor-divider-separator:before,.elementor-widget-divider--view-line_text .elementor-divider-separator:after,.elementor-widget-divider--view-line_text .elementor-divider-separator:before{display:block;content:\"\";border-bottom:0;flex-grow:1;border-top:var(--divider-border-width) var(--divider-border-style) var(--divider-color)}.elementor-widget-divider--element-align-left .elementor-divider .elementor-divider-separator>.elementor-divider__svg:first-of-type{flex-grow:0;flex-shrink:100}.elementor-widget-divider--element-align-left .elementor-divider-separator:before{content:none}.elementor-widget-divider--element-align-left .elementor-divider__element{margin-left:0}.elementor-widget-divider--element-align-right .elementor-divider .elementor-divider-separator>.elementor-divider__svg:last-of-type{flex-grow:0;flex-shrink:100}.elementor-widget-divider--element-align-right .elementor-divider-separator:after{content:none}.elementor-widget-divider--element-align-right .elementor-divider__element{margin-right:0}.elementor-widget-divider:not(.elementor-widget-divider--view-line_text):not(.elementor-widget-divider--view-line_icon) .elementor-divider-separator{border-top:var(--divider-border-width) var(--divider-border-style) var(--divider-color)}.elementor-widget-divider--separator-type-pattern{--divider-border-style:none}.elementor-widget-divider--separator-type-pattern.elementor-widget-divider--view-line .elementor-divider-separator,.elementor-widget-divider--separator-type-pattern:not(.elementor-widget-divider--view-line) .elementor-divider-separator:after,.elementor-widget-divider--separator-type-pattern:not(.elementor-widget-divider--view-line) .elementor-divider-separator:before,.elementor-widget-divider--separator-type-pattern:not([class*=elementor-widget-divider--view]) .elementor-divider-separator{width:100%;min-height:var(--divider-pattern-height);-webkit-mask-size:var(--divider-pattern-size) 100%;mask-size:var(--divider-pattern-size) 100%;-webkit-mask-repeat:var(--divider-pattern-repeat);mask-repeat:var(--divider-pattern-repeat);background-color:var(--divider-color);-webkit-mask-image:var(--divider-pattern-url);mask-image:var(--divider-pattern-url)}.elementor-widget-divider--no-spacing{--divider-pattern-size:auto}.elementor-widget-divider--bg-round{--divider-pattern-repeat:round}.rtl .elementor-widget-divider .elementor-divider__text{direction:rtl}.e-con-inner>.elementor-widget-divider,.e-con>.elementor-widget-divider{width:var(--container-widget-width,100%);--flex-grow:var(--container-widget-flex-grow)}<\/style>\t\t<div class=\"elementor-divider\">\n\t\t\t<span class=\"elementor-divider-separator\">\n\t\t\t\t\t\t<\/span>\n\t\t<\/div>\n\t\t\t\t<\/div>\n\t\t\t\t<\/div>\n\t\t\t\t\t<\/div>\n\t\t<\/div>\n\t\t\t\t\t\t\t<\/div>\n\t\t<\/section>\n\t\t\t\t<section class=\"elementor-section elementor-top-section elementor-element elementor-element-4c1808ca elementor-section-boxed elementor-section-height-default elementor-section-height-default\" data-id=\"4c1808ca\" data-element_type=\"section\">\n\t\t\t\t\t\t<div class=\"elementor-container elementor-column-gap-default\">\n\t\t\t\t\t<div class=\"elementor-column elementor-col-50 elementor-top-column elementor-element elementor-element-72f044f4\" data-id=\"72f044f4\" data-element_type=\"column\" data-settings=\"{&quot;appside_sec_extends_is_scrollme&quot;:&quot;false&quot;,&quot;appside_sec_extends_is_smoove&quot;:&quot;false&quot;,&quot;appside_sec_extends_is_parallax_mouse&quot;:&quot;false&quot;,&quot;appside_sec_extends_is_infinite&quot;:&quot;false&quot;}\">\n\t\t\t<div class=\"elementor-widget-wrap elementor-element-populated\">\n\t\t\t\t\t\t\t\t<div class=\"elementor-element elementor-element-5bf6ab7c elementor-widget elementor-widget-text-editor\" data-id=\"5bf6ab7c\" data-element_type=\"widget\" data-settings=\"{&quot;appside_sec_extends_is_scrollme&quot;:&quot;false&quot;,&quot;appside_sec_extends_is_smoove&quot;:&quot;false&quot;,&quot;appside_sec_extends_is_parallax_mouse&quot;:&quot;false&quot;,&quot;appside_sec_extends_is_infinite&quot;:&quot;false&quot;}\" data-widget_type=\"text-editor.default\">\n\t\t\t\t<div class=\"elementor-widget-container\">\n\t\t\t<style>\/*! elementor - v3.13.3 - 28-05-2023 *\/\n.elementor-widget-text-editor.elementor-drop-cap-view-stacked .elementor-drop-cap{background-color:#69727d;color:#fff}.elementor-widget-text-editor.elementor-drop-cap-view-framed .elementor-drop-cap{color:#69727d;border:3px solid;background-color:transparent}.elementor-widget-text-editor:not(.elementor-drop-cap-view-default) .elementor-drop-cap{margin-top:8px}.elementor-widget-text-editor:not(.elementor-drop-cap-view-default) .elementor-drop-cap-letter{width:1em;height:1em}.elementor-widget-text-editor .elementor-drop-cap{float:left;text-align:center;line-height:1;font-size:50px}.elementor-widget-text-editor .elementor-drop-cap-letter{display:inline-block}<\/style>\t\t\t\t<table><tbody><tr><td>Los ladrillos huecos son bloques cer\u00e1micos o de concreto con cavidades en su interior. Estos bloques son ideales para la construcci\u00f3n de muros y particiones, ya que ofrecen una combinaci\u00f3n de ligereza y resistencia. Su dise\u00f1o innovador los hace f\u00e1ciles de manejar y adecuados para una amplia variedad de aplicaciones. Ya sea que est\u00e9s construyendo una vivienda, un edificio o una estructura industrial, los ladrillos huecos son la elecci\u00f3n ideal para proyectos que requieren eficiencia y calidad. Aportan durabilidad y un rendimiento excepcional, garantizando que tus proyectos destaquen.<\/td><\/tr><\/tbody><\/table>\t\t\t\t\t\t<\/div>\n\t\t\t\t<\/div>\n\t\t\t\t\t<\/div>\n\t\t<\/div>\n\t\t\t\t<div class=\"elementor-column elementor-col-50 elementor-top-column elementor-element elementor-element-4e0e4ebd\" data-id=\"4e0e4ebd\" data-element_type=\"column\" data-settings=\"{&quot;appside_sec_extends_is_scrollme&quot;:&quot;false&quot;,&quot;appside_sec_extends_is_smoove&quot;:&quot;false&quot;,&quot;appside_sec_extends_is_parallax_mouse&quot;:&quot;false&quot;,&quot;appside_sec_extends_is_infinite&quot;:&quot;false&quot;}\">\n\t\t\t<div class=\"elementor-widget-wrap elementor-element-populated\">\n\t\t\t\t\t\t\t\t<div class=\"elementor-element elementor-element-5886cb1 elementor-position-top elementor-vertical-align-top elementor-widget elementor-widget-image-box\" data-id=\"5886cb1\" data-element_type=\"widget\" data-settings=\"{&quot;appside_sec_extends_is_scrollme&quot;:&quot;false&quot;,&quot;appside_sec_extends_is_smoove&quot;:&quot;false&quot;,&quot;appside_sec_extends_is_parallax_mouse&quot;:&quot;false&quot;,&quot;appside_sec_extends_is_infinite&quot;:&quot;false&quot;}\" data-widget_type=\"image-box.default\">\n\t\t\t\t<div class=\"elementor-widget-container\">\n\t\t\t<style>\/*! elementor - v3.13.3 - 28-05-2023 *\/\n.elementor-widget-image-box .elementor-image-box-content{width:100%}@media (min-width:768px){.elementor-widget-image-box.elementor-position-left .elementor-image-box-wrapper,.elementor-widget-image-box.elementor-position-right .elementor-image-box-wrapper{display:flex}.elementor-widget-image-box.elementor-position-right .elementor-image-box-wrapper{text-align:right;flex-direction:row-reverse}.elementor-widget-image-box.elementor-position-left .elementor-image-box-wrapper{text-align:left;flex-direction:row}.elementor-widget-image-box.elementor-position-top .elementor-image-box-img{margin:auto}.elementor-widget-image-box.elementor-vertical-align-top .elementor-image-box-wrapper{align-items:flex-start}.elementor-widget-image-box.elementor-vertical-align-middle .elementor-image-box-wrapper{align-items:center}.elementor-widget-image-box.elementor-vertical-align-bottom .elementor-image-box-wrapper{align-items:flex-end}}@media (max-width:767px){.elementor-widget-image-box .elementor-image-box-img{margin-left:auto!important;margin-right:auto!important;margin-bottom:15px}}.elementor-widget-image-box .elementor-image-box-img{display:inline-block}.elementor-widget-image-box .elementor-image-box-title a{color:inherit}.elementor-widget-image-box .elementor-image-box-wrapper{text-align:center}.elementor-widget-image-box .elementor-image-box-description{margin:0}<\/style><div class=\"elementor-image-box-wrapper\"><figure class=\"elementor-image-box-img\"><img decoding=\"async\" width=\"398\" height=\"400\" src=\"http:\/\/sidermaq.com.ar\/wp-content\/uploads\/2023\/08\/ladrillos.jpg\" class=\"elementor-animation-push attachment-full size-full wp-image-2634\" alt=\"\" loading=\"lazy\" srcset=\"http:\/\/sidermaq.com.ar\/wp-content\/uploads\/2023\/08\/ladrillos.jpg 398w, http:\/\/sidermaq.com.ar\/wp-content\/uploads\/2023\/08\/ladrillos-150x150.jpg 150w\" sizes=\"(max-width: 398px) 100vw, 398px\" \/><\/figure><\/div>\t\t<\/div>\n\t\t\t\t<\/div>\n\t\t\t\t\t<\/div>\n\t\t<\/div>\n\t\t\t\t\t\t\t<\/div>\n\t\t<\/section>\n\t\t\t\t<section class=\"elementor-section elementor-top-section elementor-element elementor-element-5edd42bc elementor-section-full_width elementor-section-height-default elementor-section-height-default elementor-invisible\" data-id=\"5edd42bc\" data-element_type=\"section\" data-settings=\"{&quot;animation&quot;:&quot;fadeInRight&quot;}\">\n\t\t\t\t\t\t<div class=\"elementor-container elementor-column-gap-no\">\n\t\t\t\t\t<div class=\"elementor-column elementor-col-100 elementor-top-column elementor-element elementor-element-22a286e2\" data-id=\"22a286e2\" data-element_type=\"column\" data-settings=\"{&quot;background_background&quot;:&quot;classic&quot;,&quot;appside_sec_extends_is_scrollme&quot;:&quot;false&quot;,&quot;appside_sec_extends_is_smoove&quot;:&quot;false&quot;,&quot;appside_sec_extends_is_parallax_mouse&quot;:&quot;false&quot;,&quot;appside_sec_extends_is_infinite&quot;:&quot;false&quot;}\">\n\t\t\t<div class=\"elementor-widget-wrap elementor-element-populated\">\n\t\t\t\t\t<div class=\"elementor-background-overlay\"><\/div>\n\t\t\t\t\t\t\t\t<div class=\"elementor-element elementor-element-22b241ee elementor-widget elementor-widget-spacer\" data-id=\"22b241ee\" data-element_type=\"widget\" data-settings=\"{&quot;appside_sec_extends_is_scrollme&quot;:&quot;false&quot;,&quot;appside_sec_extends_is_smoove&quot;:&quot;false&quot;,&quot;appside_sec_extends_is_parallax_mouse&quot;:&quot;false&quot;,&quot;appside_sec_extends_is_infinite&quot;:&quot;false&quot;}\" data-widget_type=\"spacer.default\">\n\t\t\t\t<div class=\"elementor-widget-container\">\n\t\t\t<style>\/*! elementor - v3.13.3 - 28-05-2023 *\/\n.elementor-column .elementor-spacer-inner{height:var(--spacer-size)}.e-con{--container-widget-width:100%}.e-con-inner>.elementor-widget-spacer,.e-con>.elementor-widget-spacer{width:var(--container-widget-width,var(--spacer-size));--align-self:var(--container-widget-align-self,initial);--flex-shrink:0}.e-con-inner>.elementor-widget-spacer>.elementor-widget-container,.e-con-inner>.elementor-widget-spacer>.elementor-widget-container>.elementor-spacer,.e-con>.elementor-widget-spacer>.elementor-widget-container,.e-con>.elementor-widget-spacer>.elementor-widget-container>.elementor-spacer{height:100%}.e-con-inner>.elementor-widget-spacer>.elementor-widget-container>.elementor-spacer>.elementor-spacer-inner,.e-con>.elementor-widget-spacer>.elementor-widget-container>.elementor-spacer>.elementor-spacer-inner{height:var(--container-widget-height,var(--spacer-size))}<\/style>\t\t<div class=\"elementor-spacer\">\n\t\t\t<div class=\"elementor-spacer-inner\"><\/div>\n\t\t<\/div>\n\t\t\t\t<\/div>\n\t\t\t\t<\/div>\n\t\t\t\t<div class=\"elementor-element elementor-element-3e37537 elementor-widget elementor-widget-heading\" data-id=\"3e37537\" data-element_type=\"widget\" data-settings=\"{&quot;appside_sec_extends_is_scrollme&quot;:&quot;false&quot;,&quot;appside_sec_extends_is_smoove&quot;:&quot;false&quot;,&quot;appside_sec_extends_is_parallax_mouse&quot;:&quot;false&quot;,&quot;appside_sec_extends_is_infinite&quot;:&quot;false&quot;}\" data-widget_type=\"heading.default\">\n\t\t\t\t<div class=\"elementor-widget-container\">\n\t\t\t<h2 class=\"elementor-heading-title elementor-size-default\">Descarg\u00e1 la ficha t\u00e9cnica del producto<\/h2>\t\t<\/div>\n\t\t\t\t<\/div>\n\t\t\t\t<div class=\"elementor-element elementor-element-761404b6 elementor-widget elementor-widget-spacer\" data-id=\"761404b6\" data-element_type=\"widget\" data-settings=\"{&quot;appside_sec_extends_is_scrollme&quot;:&quot;false&quot;,&quot;appside_sec_extends_is_smoove&quot;:&quot;false&quot;,&quot;appside_sec_extends_is_parallax_mouse&quot;:&quot;false&quot;,&quot;appside_sec_extends_is_infinite&quot;:&quot;false&quot;}\" data-widget_type=\"spacer.default\">\n\t\t\t\t<div class=\"elementor-widget-container\">\n\t\t\t\t\t<div class=\"elementor-spacer\">\n\t\t\t<div class=\"elementor-spacer-inner\"><\/div>\n\t\t<\/div>\n\t\t\t\t<\/div>\n\t\t\t\t<\/div>\n\t\t\t\t<section class=\"elementor-section elementor-inner-section elementor-element elementor-element-273bd9f2 elementor-section-boxed elementor-section-height-default elementor-section-height-default\" data-id=\"273bd9f2\" data-element_type=\"section\">\n\t\t\t\t\t\t<div class=\"elementor-container elementor-column-gap-no\">\n\t\t\t\t\t<div class=\"elementor-column elementor-col-100 elementor-inner-column elementor-element elementor-element-3b465df0\" data-id=\"3b465df0\" data-element_type=\"column\" data-settings=\"{&quot;appside_sec_extends_is_scrollme&quot;:&quot;false&quot;,&quot;appside_sec_extends_is_smoove&quot;:&quot;false&quot;,&quot;appside_sec_extends_is_parallax_mouse&quot;:&quot;false&quot;,&quot;appside_sec_extends_is_infinite&quot;:&quot;false&quot;}\">\n\t\t\t<div class=\"elementor-widget-wrap elementor-element-populated\">\n\t\t\t\t\t\t\t\t<div class=\"elementor-element elementor-element-3a6fc771 elementor-align-center elementor-widget elementor-widget-button\" data-id=\"3a6fc771\" data-element_type=\"widget\" data-settings=\"{&quot;appside_sec_extends_is_scrollme&quot;:&quot;false&quot;,&quot;appside_sec_extends_is_smoove&quot;:&quot;false&quot;,&quot;appside_sec_extends_is_parallax_mouse&quot;:&quot;false&quot;,&quot;appside_sec_extends_is_infinite&quot;:&quot;false&quot;}\" data-widget_type=\"button.default\">\n\t\t\t\t<div class=\"elementor-widget-container\">\n\t\t\t\t\t<div class=\"elementor-button-wrapper\">\n\t\t\t<a class=\"elementor-button elementor-size-sm\" role=\"button\">\n\t\t\t\t\t\t<span class=\"elementor-button-content-wrapper\">\n\t\t\t\t\t\t\t<span class=\"elementor-button-icon elementor-align-icon-left\">\n\t\t\t\t<i aria-hidden=\"true\" class=\"xgicon- xg-icon-download\"><\/i>\t\t\t<\/span>\n\t\t\t\t\t\t<span class=\"elementor-button-text\">Descargar<\/span>\n\t\t<\/span>\n\t\t\t\t\t<\/a>\n\t\t<\/div>\n\t\t\t\t<\/div>\n\t\t\t\t<\/div>\n\t\t\t\t\t<\/div>\n\t\t<\/div>\n\t\t\t\t\t\t\t<\/div>\n\t\t<\/section>\n\t\t\t\t<div class=\"elementor-element elementor-element-5d026bc4 elementor-widget elementor-widget-spacer\" data-id=\"5d026bc4\" data-element_type=\"widget\" data-settings=\"{&quot;appside_sec_extends_is_scrollme&quot;:&quot;false&quot;,&quot;appside_sec_extends_is_smoove&quot;:&quot;false&quot;,&quot;appside_sec_extends_is_parallax_mouse&quot;:&quot;false&quot;,&quot;appside_sec_extends_is_infinite&quot;:&quot;false&quot;}\" data-widget_type=\"spacer.default\">\n\t\t\t\t<div class=\"elementor-widget-container\">\n\t\t\t\t\t<div class=\"elementor-spacer\">\n\t\t\t<div class=\"elementor-spacer-inner\"><\/div>\n\t\t<\/div>\n\t\t\t\t<\/div>\n\t\t\t\t<\/div>\n\t\t\t\t\t<\/div>\n\t\t<\/div>\n\t\t\t\t\t\t\t<\/div>\n\t\t<\/section>\n\t\t\t\t\t\t\t<\/div>\n\t\t","protected":false},"excerpt":{"rendered":"<p>Ladrillos Huecos Los ladrillos huecos son bloques cer\u00e1micos o de concreto con cavidades en su interior. Estos bloques son ideales para la construcci\u00f3n de muros y particiones, ya que ofrecen una combinaci\u00f3n de ligereza y resistencia. Su dise\u00f1o innovador los hace f\u00e1ciles de manejar y adecuados para una amplia variedad de aplicaciones. Ya sea que &hellip;<\/p>\n<p class=\"read-more\"> <a class=\"\" href=\"http:\/\/sidermaq.com.ar\/index.php\/ladrillos-huecos\/\"> <span class=\"screen-reader-text\">Ladrillos Huecos<\/span> Read More &raquo;<\/a><\/p>\n","protected":false},"author":1,"featured_media":0,"parent":0,"menu_order":0,"comment_status":"closed","ping_status":"closed","template":"","meta":{"site-sidebar-layout":"no-sidebar","site-content-layout":"page-builder","ast-global-header-display":"","ast-banner-title-visibility":"","ast-main-header-display":"","ast-hfb-above-header-display":"","ast-hfb-below-header-display":"","ast-hfb-mobile-header-display":"","site-post-title":"disabled","ast-breadcrumbs-content":"","ast-featured-img":"disabled","footer-sml-layout":"","theme-transparent-header-meta":"","adv-header-id-meta":"","stick-header-meta":"","header-above-stick-meta":"","header-main-stick-meta":"","header-below-stick-meta":""},"_links":{"self":[{"href":"http:\/\/sidermaq.com.ar\/index.php\/wp-json\/wp\/v2\/pages\/2828"}],"collection":[{"href":"http:\/\/sidermaq.com.ar\/index.php\/wp-json\/wp\/v2\/pages"}],"about":[{"href":"http:\/\/sidermaq.com.ar\/index.php\/wp-json\/wp\/v2\/types\/page"}],"author":[{"embeddable":true,"href":"http:\/\/sidermaq.com.ar\/index.php\/wp-json\/wp\/v2\/users\/1"}],"replies":[{"embeddable":true,"href":"http:\/\/sidermaq.com.ar\/index.php\/wp-json\/wp\/v2\/comments?post=2828"}],"version-history":[{"count":7,"href":"http:\/\/sidermaq.com.ar\/index.php\/wp-json\/wp\/v2\/pages\/2828\/revisions"}],"predecessor-version":[{"id":2918,"href":"http:\/\/sidermaq.com.ar\/index.php\/wp-json\/wp\/v2\/pages\/2828\/revisions\/2918"}],"wp:attachment":[{"href":"http:\/\/sidermaq.com.ar\/index.php\/wp-json\/wp\/v2\/media?parent=2828"}],"curies":[{"name":"wp","href":"https:\/\/api.w.org\/{rel}","templated":true}]}}